{"id":144,"date":"2025-04-22T16:17:02","date_gmt":"2025-04-22T16:17:02","guid":{"rendered":"http:\/\/www.lucamangili.ch\/?page_id=144"},"modified":"2025-04-29T21:37:53","modified_gmt":"2025-04-29T21:37:53","slug":"contatti","status":"publish","type":"page","link":"https:\/\/www.lucamangili.ch\/?page_id=144","title":{"rendered":"Contatti"},"content":{"rendered":"<div id=\"pl-144\"  class=\"panel-layout\" ><div id=\"pg-144-0\"  class=\"panel-grid panel-no-style\" ><div id=\"pgc-144-0-0\"  class=\"panel-grid-cell\" ><div id=\"panel-144-0-0-0\" class=\"so-panel widget widget_sow-headline panel-first-child panel-last-child\" data-index=\"0\" ><div\n\t\t\t\n\t\t\tclass=\"so-widget-sow-headline so-widget-sow-headline-default-6fffcbf2acf0-144 so-widget-fittext-wrapper\"\n\t\t\t data-fit-text-compressor=\"0.85\"\n\t\t><div class=\"sow-headline-container \">\n\t\t\t\t\t\t\t<h2 class=\"sow-headline\">\n\t\t\t\t\t\t* Il nostro gruppo\t\t\t\t\t\t<\/h2>\n\t\t\t\t\t\t\t\t\t\t\t<div class=\"decoration\">\n\t\t\t\t\t\t<div class=\"decoration-inside\"><\/div>\n\t\t\t\t\t<\/div>\n\t\t\t\t\t\t\t\t\t\t\t<h3 class=\"sow-sub-headline\">\n\t\t\t\t\t\t* Pagina in costruzione. Il contenuto ha unicamente scopo di rappresentazione grafica e non \u00e8 da considerarsi veritiero ai fini informativi.\t\t\t\t\t\t<\/h3>\n\t\t\t\t\t\t<\/div>\n<\/div><\/div><\/div><\/div><div id=\"pg-144-1\"  class=\"panel-grid panel-no-style\" ><div id=\"pgc-144-1-0\"  class=\"panel-grid-cell\" ><div id=\"panel-144-1-0-0\" class=\"so-panel widget widget_sow-editor panel-first-child panel-last-child\" data-index=\"1\" ><div\n\t\t\t\n\t\t\tclass=\"so-widget-sow-editor so-widget-sow-editor-base\"\n\t\t\t\n\t\t>\n<div class=\"siteorigin-widget-tinymce textwidget\">\n\t<p><strong>Gruppo Alpini di Borgo Santa Caterina \u2013 Bergamo<\/strong><\/p>\n<p>Nel cuore del quartiere di Borgo Santa Caterina, a Bergamo, vive e resiste con orgoglio il nostro Gruppo Alpini. Non siamo solo un\u2019associazione: siamo una famiglia, un presidio di valori, un punto fermo per chi crede nel senso del dovere, nella solidariet\u00e0 e nella memoria. La nostra storia affonda le radici negli anni del secondo dopoguerra, quando alcuni Alpini del quartiere, rientrati dal fronte o dal servizio militare, decisero di ritrovarsi, di non disperdere il patrimonio umano e morale che li aveva uniti sulle montagne e nelle difficolt\u00e0.<\/p>\n<p>Da allora, il Gruppo \u00e8 cresciuto. Oggi contiamo decine di soci Alpini e Amici degli Alpini, uomini di ogni et\u00e0, uniti da uno spirito che non si spegne con il congedo. Partecipiamo con impegno e dedizione a tutte le principali ricorrenze civili e religiose, rendendo onore ai Caduti, alla nostra Bandiera, e a ci\u00f2 che rappresentiamo. Ma non ci limitiamo alla memoria: siamo presenti nel tessuto vivo del quartiere. Diamo una mano dove serve, organizziamo eventi, collaboriamo con altre realt\u00e0 locali, portiamo avanti piccoli interventi di volontariato, con la concretezza e il silenzio che da sempre distinguono il nostro operare.<\/p>\n<p>La nostra organizzazione interna riflette quella dell\u2019Associazione Nazionale Alpini. A guidare il Gruppo c\u2019\u00e8 il Capogruppo, eletto dai soci, figura di riferimento per tutti noi, affiancato da un Vice Capogruppo, da un Segretario, un Tesoriere e un Direttivo. Ma al di l\u00e0 dei ruoli formali, ci unisce una gerarchia fatta di rispetto e ascolto reciproco, dove l\u2019esperienza dei pi\u00f9 anziani si intreccia con l\u2019entusiasmo dei pi\u00f9 giovani. Le decisioni vengono prese insieme, in spirito di condivisione e trasparenza.<\/p>\n<p>La nostra sede, situata nel cuore del Borgo, \u00e8 molto pi\u00f9 di un luogo fisico: \u00e8 una casa. Qui ci ritroviamo ogni settimana, per discutere, pianificare, ricordare, ma anche semplicemente per stare insieme. Le porte sono sempre aperte a chi vuole conoscere gli Alpini da vicino, magari per entrare a farne parte o semplicemente per condividere un momento.<\/p>\n<p>Essere Alpini, per noi, \u00e8 uno stile di vita. \u00c8 camminare con la schiena dritta, aiutare senza clamore, ricordare senza retorica, e tramandare quei valori che rendono grande una comunit\u00e0.<\/p>\n<\/div>\n<\/div><\/div><\/div><\/div><div id=\"pg-144-2\"  class=\"panel-grid panel-no-style\" ><div id=\"pgc-144-2-0\"  class=\"panel-grid-cell panel-grid-cell-mobile-last\" ><div id=\"panel-144-2-0-0\" class=\"so-panel widget widget_siteorigin-panels-builder panel-first-child\" data-index=\"2\" ><div id=\"pl-w681130bb4131d\"  class=\"panel-layout\" ><div id=\"pg-w681130bb4131d-0\"  class=\"panel-grid panel-no-style\" ><div id=\"pgc-w681130bb4131d-0-0\"  class=\"panel-grid-cell\" ><div id=\"panel-w681130bb4131d-0-0-0\" class=\"so-panel widget widget_sow-hero panel-first-child panel-last-child\" data-index=\"0\" ><div\n\t\t\t\n\t\t\tclass=\"so-widget-sow-hero so-widget-sow-hero-default-e0f34d6a0997 so-widget-fittext-wrapper\"\n\t\t\t data-fit-text-compressor=\"0.85\"\n\t\t>\t\t\t\t<div class=\"sow-slider-base\" style=\"display: none\" tabindex=\"0\">\n\t\t\t\t\t<ul\n\t\t\t\t\tclass=\"sow-slider-images\"\n\t\t\t\t\tdata-settings=\"{&quot;pagination&quot;:true,&quot;speed&quot;:400,&quot;timeout&quot;:8000,&quot;paused&quot;:false,&quot;pause_on_hover&quot;:false,&quot;swipe&quot;:true,&quot;nav_always_show_desktop&quot;:&quot;&quot;,&quot;nav_always_show_mobile&quot;:&quot;&quot;,&quot;breakpoint&quot;:&quot;780px&quot;,&quot;unmute&quot;:false,&quot;anchor&quot;:null}\"\n\t\t\t\t\t\t\t\t\t\tdata-anchor-id=\"\"\n\t\t\t\t>\t\t<li class=\"sow-slider-image\" style=\"visibility: visible;;background-color: #ffffff\" >\n\t\t\t\t\t<div class=\"sow-slider-image-container\">\n\t\t\t<div class=\"sow-slider-image-wrapper\">\n\t\t\t\t<p><span style=\"color: #000000\"><img loading=\"lazy\" decoding=\"async\" class=\"alignnone size-medium wp-image-27\" src=\"http:\/\/www.lucamangili.ch\/wp-content\/uploads\/2025\/04\/nimble_asset_portrait_3-300x300.jpg\" alt=\"nimble_asset_portrait_3\" width=\"300\" height=\"300\" srcset=\"https:\/\/www.lucamangili.ch\/wp-content\/uploads\/2025\/04\/nimble_asset_portrait_3-300x300.jpg 300w, https:\/\/www.lucamangili.ch\/wp-content\/uploads\/2025\/04\/nimble_asset_portrait_3-150x150.jpg 150w, https:\/\/www.lucamangili.ch\/wp-content\/uploads\/2025\/04\/nimble_asset_portrait_3.jpg 634w\" sizes=\"auto, (max-width: 300px) 100vw, 300px\" \/><\/span><br \/>\n<span style=\"color: #000000\"><strong>* Piergiuseppe Pesenti<\/strong>, Capogruppo dal<\/span><\/p>\n<p><span style=\"color: #000000\">Indirizzo:<\/span><\/p>\n<p><span style=\"color: #000000\">Via<\/span><br \/>\n<span style=\"color: #000000\">78809 Milano<\/span><\/p>\n<p><span style=\"color: #000000\">Mail:<\/span><br \/>\n<span style=\"color: #000000\">Cell:<\/span><\/p>\n\t\t\t<\/div>\n\t\t<\/div>\n\t\t\t\t<\/li>\n\t\t<\/ul>\t\t\t\t<ol class=\"sow-slider-pagination\">\n\t\t\t\t\t\t\t\t\t\t\t<li><a href=\"#\" data-goto=\"0\" aria-label=\"Display slide 1\"><\/a><\/li>\n\t\t\t\t\t\t\t\t\t<\/ol>\n\n\t\t\t\t<div class=\"sow-slide-nav sow-slide-nav-next\">\n\t\t\t\t\t<a href=\"#\" data-goto=\"next\" aria-label=\"Next slide\" data-action=\"next\">\n\t\t\t\t\t\t<em class=\"sow-sld-icon-thin-right\"><\/em>\n\t\t\t\t\t<\/a>\n\t\t\t\t<\/div>\n\n\t\t\t\t<div class=\"sow-slide-nav sow-slide-nav-prev\">\n\t\t\t\t\t<a href=\"#\" data-goto=\"previous\" aria-label=\"Previous slide\" data-action=\"prev\">\n\t\t\t\t\t\t<em class=\"sow-sld-icon-thin-left\"><\/em>\n\t\t\t\t\t<\/a>\n\t\t\t\t<\/div>\n\t\t\t\t<\/div><\/div><\/div><\/div><\/div><\/div><\/div><div id=\"panel-144-2-0-1\" class=\"so-panel widget widget_siteorigin-panels-builder panel-last-child\" data-index=\"3\" ><div id=\"pl-w681130bb42d47\"  class=\"panel-layout\" ><div id=\"pg-w681130bb42d47-0\"  class=\"panel-grid panel-no-style\" ><div id=\"pgc-w681130bb42d47-0-0\"  class=\"panel-grid-cell\" ><div id=\"panel-w681130bb42d47-0-0-0\" class=\"so-panel widget widget_sow-hero panel-first-child panel-last-child\" data-index=\"0\" ><div\n\t\t\t\n\t\t\tclass=\"so-widget-sow-hero so-widget-sow-hero-default-7c95d967ef5a so-widget-fittext-wrapper\"\n\t\t\t data-fit-text-compressor=\"0.85\"\n\t\t>\t\t\t\t<div class=\"sow-slider-base\" style=\"display: none\" tabindex=\"0\">\n\t\t\t\t\t<ul\n\t\t\t\t\tclass=\"sow-slider-images\"\n\t\t\t\t\tdata-settings=\"{&quot;pagination&quot;:true,&quot;speed&quot;:400,&quot;timeout&quot;:8000,&quot;paused&quot;:false,&quot;pause_on_hover&quot;:false,&quot;swipe&quot;:true,&quot;nav_always_show_desktop&quot;:&quot;&quot;,&quot;nav_always_show_mobile&quot;:&quot;&quot;,&quot;breakpoint&quot;:&quot;780px&quot;,&quot;unmute&quot;:false,&quot;anchor&quot;:null}\"\n\t\t\t\t\t\t\t\t\t\tdata-anchor-id=\"\"\n\t\t\t\t>\t\t<li class=\"sow-slider-image\" style=\"visibility: visible;;background-color: #ffffff\" >\n\t\t\t\t\t<div class=\"sow-slider-image-container\">\n\t\t\t<div class=\"sow-slider-image-wrapper\">\n\t\t\t\t<p><img loading=\"lazy\" decoding=\"async\" class=\"alignnone size-medium wp-image-25\" src=\"http:\/\/www.lucamangili.ch\/wp-content\/uploads\/2025\/04\/nimble_asset_portrait_4-300x300.jpg\" alt=\"nimble_asset_portrait_4\" width=\"300\" height=\"300\" srcset=\"https:\/\/www.lucamangili.ch\/wp-content\/uploads\/2025\/04\/nimble_asset_portrait_4-300x300.jpg 300w, https:\/\/www.lucamangili.ch\/wp-content\/uploads\/2025\/04\/nimble_asset_portrait_4-150x150.jpg 150w, https:\/\/www.lucamangili.ch\/wp-content\/uploads\/2025\/04\/nimble_asset_portrait_4.jpg 635w\" sizes=\"auto, (max-width: 300px) 100vw, 300px\" \/><br \/>\n<strong>* Cassa Forte, <\/strong>cassiere<\/p>\n<p>Indirizzo:<\/p>\n<p>Via<br \/>\n52200 \u00a0Bergh\u00e8m<\/p>\n<p>Mail:<br \/>\nCell:<\/p>\n\t\t\t<\/div>\n\t\t<\/div>\n\t\t\t\t<\/li>\n\t\t<\/ul>\t\t\t\t<ol class=\"sow-slider-pagination\">\n\t\t\t\t\t\t\t\t\t\t\t<li><a href=\"#\" data-goto=\"0\" aria-label=\"Display slide 1\"><\/a><\/li>\n\t\t\t\t\t\t\t\t\t<\/ol>\n\n\t\t\t\t<div class=\"sow-slide-nav sow-slide-nav-next\">\n\t\t\t\t\t<a href=\"#\" data-goto=\"next\" aria-label=\"Next slide\" data-action=\"next\">\n\t\t\t\t\t\t<em class=\"sow-sld-icon-thin-right\"><\/em>\n\t\t\t\t\t<\/a>\n\t\t\t\t<\/div>\n\n\t\t\t\t<div class=\"sow-slide-nav sow-slide-nav-prev\">\n\t\t\t\t\t<a href=\"#\" data-goto=\"previous\" aria-label=\"Previous slide\" data-action=\"prev\">\n\t\t\t\t\t\t<em class=\"sow-sld-icon-thin-left\"><\/em>\n\t\t\t\t\t<\/a>\n\t\t\t\t<\/div>\n\t\t\t\t<\/div><\/div><\/div><\/div><\/div><\/div><\/div><\/div><div id=\"pgc-144-2-1\"  class=\"panel-grid-cell panel-grid-cell-empty\" ><\/div><\/div><div id=\"pg-144-3\"  class=\"panel-grid panel-no-style\" ><div id=\"pgc-144-3-0\"  class=\"panel-grid-cell\" ><div id=\"panel-144-3-0-0\" class=\"so-panel widget widget_sow-headline panel-first-child\" data-index=\"4\" ><div\n\t\t\t\n\t\t\tclass=\"so-widget-sow-headline so-widget-sow-headline-default-7c6ff17756fb-144 so-widget-fittext-wrapper\"\n\t\t\t data-fit-text-compressor=\"0.85\"\n\t\t><div class=\"sow-headline-container \">\n\t\t\t\t\t\t\t<h1 class=\"sow-headline\">\n\t\t\t\t\t\tAlpini iscritti\t\t\t\t\t\t<\/h1>\n\t\t\t\t\t\t\t\t\t\t\t<div class=\"decoration\">\n\t\t\t\t\t\t<div class=\"decoration-inside\"><\/div>\n\t\t\t\t\t<\/div>\n\t\t\t\t\t<\/div>\n<\/div><\/div><div id=\"panel-144-3-0-1\" class=\"so-panel widget widget_siteorigin-panels-builder panel-last-child\" data-index=\"5\" ><div id=\"pl-w6807d3ad91424\"  class=\"panel-layout\" ><div id=\"pg-w6807d3ad91424-0\"  class=\"panel-grid panel-no-style\" ><div id=\"pgc-w6807d3ad91424-0-0\"  class=\"panel-grid-cell\" ><div id=\"panel-w6807d3ad91424-0-0-0\" class=\"so-panel widget widget_sow-editor panel-first-child panel-last-child\" data-index=\"0\" ><div\n\t\t\t\n\t\t\tclass=\"so-widget-sow-editor so-widget-sow-editor-base\"\n\t\t\t\n\t\t>\n<div class=\"siteorigin-widget-tinymce textwidget\">\n\t<ul>\n<li>Tizio<\/li>\n<li>Caio<\/li>\n<li>Sempronio<\/li>\n<\/ul>\n<\/div>\n<\/div><\/div><\/div><\/div><\/div><\/div><\/div><div id=\"pgc-144-3-1\"  class=\"panel-grid-cell\" ><div id=\"panel-144-3-1-0\" class=\"so-panel widget widget_sow-headline panel-first-child\" data-index=\"6\" ><div\n\t\t\t\n\t\t\tclass=\"so-widget-sow-headline so-widget-sow-headline-default-7c6ff17756fb-144 so-widget-fittext-wrapper\"\n\t\t\t data-fit-text-compressor=\"0.85\"\n\t\t><div class=\"sow-headline-container \">\n\t\t\t\t\t\t\t<h1 class=\"sow-headline\">\n\t\t\t\t\t\tAmici degli Alpini\t\t\t\t\t\t<\/h1>\n\t\t\t\t\t\t\t\t\t\t\t<div class=\"decoration\">\n\t\t\t\t\t\t<div class=\"decoration-inside\"><\/div>\n\t\t\t\t\t<\/div>\n\t\t\t\t\t<\/div>\n<\/div><\/div><div id=\"panel-144-3-1-1\" class=\"so-panel widget widget_siteorigin-panels-builder panel-last-child\" data-index=\"7\" ><div id=\"pl-w6807d3ad96f12\"  class=\"panel-layout\" ><div id=\"pg-w6807d3ad96f12-0\"  class=\"panel-grid panel-no-style\" ><div id=\"pgc-w6807d3ad96f12-0-0\"  class=\"panel-grid-cell\" ><div id=\"panel-w6807d3ad96f12-0-0-0\" class=\"so-panel widget widget_sow-editor panel-first-child panel-last-child\" data-index=\"0\" ><div\n\t\t\t\n\t\t\tclass=\"so-widget-sow-editor so-widget-sow-editor-base\"\n\t\t\t\n\t\t>\n<div class=\"siteorigin-widget-tinymce textwidget\">\n\t<ul>\n<li>Erika Turi<\/li>\n<li>Turi M\u00fcller<\/li>\n<li>Muri Santa<\/li>\n<li><\/li>\n<\/ul>\n<\/div>\n<\/div><\/div><\/div><\/div><\/div><\/div><\/div><\/div><div id=\"pg-144-4\"  class=\"panel-grid panel-no-style\" ><div id=\"pgc-144-4-0\"  class=\"panel-grid-cell panel-grid-cell-empty\" ><\/div><\/div><div id=\"pg-144-5\"  class=\"panel-grid panel-has-style\" ><div class=\"siteorigin-panels-stretch panel-row-style panel-row-style-for-144-5\" data-stretch-type=\"full\" ><div id=\"pgc-144-5-0\"  class=\"panel-grid-cell\" ><div id=\"panel-144-5-0-0\" class=\"so-panel widget widget_sow-headline panel-first-child panel-last-child\" data-index=\"8\" ><div\n\t\t\t\n\t\t\tclass=\"so-widget-sow-headline so-widget-sow-headline-default-0fdef50b70f8-144 so-widget-fittext-wrapper\"\n\t\t\t data-fit-text-compressor=\"0.85\"\n\t\t><div class=\"sow-headline-container \">\n\t\t\t\t\t\t\t<h2 class=\"sow-headline\">\n\t\t\t\t\t\t* Contatta gli Alpini di Borgo Santa Caterina\t\t\t\t\t\t<\/h2>\n\t\t\t\t\t\t\t\t\t\t\t<div class=\"decoration\">\n\t\t\t\t\t\t<div class=\"decoration-inside\"><\/div>\n\t\t\t\t\t<\/div>\n\t\t\t\t\t\t\t\t\t\t\t<h3 class=\"sow-sub-headline\">\n\t\t\t\t\t\tVuoi scriverci e dirci la tua?\t\t\t\t\t\t<\/h3>\n\t\t\t\t\t\t<\/div>\n<\/div><\/div><\/div><\/div><\/div><div id=\"pg-144-6\"  class=\"panel-grid panel-has-style\" ><div class=\"siteorigin-panels-stretch panel-row-style panel-row-style-for-144-6\" data-stretch-type=\"full\" ><div id=\"pgc-144-6-0\"  class=\"panel-grid-cell\" ><div id=\"panel-144-6-0-0\" class=\"so-panel widget widget_sow-headline panel-first-child\" data-index=\"9\" ><div class=\"panel-widget-style panel-widget-style-for-144-6-0-0\" ><div\n\t\t\t\n\t\t\tclass=\"so-widget-sow-headline so-widget-sow-headline-default-b71fce87a7d6-144 so-widget-fittext-wrapper\"\n\t\t\t data-fit-text-compressor=\"0.85\"\n\t\t><div class=\"sow-headline-container \">\n\t\t\t\t\t\t\t<h2 class=\"sow-headline\">\n\t\t\t\t\t\tMandaci un messaggio\t\t\t\t\t\t<\/h2>\n\t\t\t\t\t\t<\/div>\n<\/div><\/div><\/div><div id=\"panel-144-6-0-1\" class=\"so-panel widget widget_sow-contact-form panel-last-child\" data-index=\"10\" ><div\n\t\t\t\n\t\t\tclass=\"so-widget-sow-contact-form so-widget-sow-contact-form-default-f349a2718815-144\"\n\t\t\t\n\t\t>\t<form\n\t\taction=\"\/index.php?rest_route=%2Fwp%2Fv2%2Fpages%2F144\"\n\t\tmethod=\"POST\"\n\t\tclass=\"sow-contact-form\"\n\t\tid=\"contact-form-76aa\"\n\t>\n\n\t\t\n\t\t\t\t\t<div class=\"sow-form-field sow-form-field-name\">\n\t\t\t\t<label class=\"sow-form-field-label-above\" for=\"sow-contact-form-field-nome-1\">\n\t\t\t\t<strong>\n\t\t\t\t\tnome\t\t\t\t\t\t\t\t\t<\/strong>\n\t\t\t<\/label>\n\t\t\t\t\t\t\t<div class=\"sow-field-container\">\n\t\t\t\t\t\t\t<input\n\t\t\ttype=\"text\"\n\t\t\tname=\"nome-1\"\n\t\t\tid=\"sow-contact-form-field-nome-1\"\n\t\t\tvalue=\"\"\n\t\t\tclass=\"sow-text-field\"\n\t\t\t\t\t\t\t\t\/>\n\t\t\t\t\t\t<\/div>\n\t\t\t\t\t\t\t<\/div>\n\t\t\t\t\t\t<div class=\"sow-form-field sow-form-field-email\">\n\t\t\t\t<label class=\"sow-form-field-label-above\" for=\"sow-contact-form-field-il-tuo-indirizzo-mail-1\">\n\t\t\t\t<strong>\n\t\t\t\t\til tuo indirizzo mail\t\t\t\t\t\t\t\t\t<\/strong>\n\t\t\t<\/label>\n\t\t\t\t\t\t\t<div class=\"sow-field-container\">\n\t\t\t\t\t\t\t<input\n\t\t\ttype=\"email\"\n\t\t\tname=\"il-tuo-indirizzo-mail-1\"\n\t\t\tid=\"sow-contact-form-field-il-tuo-indirizzo-mail-1\"\n\t\t\tvalue=\"\"\n\t\t\tclass=\"sow-text-field\"\t\t\t\t\t\t\t\t\/>\n\t\t\t\t\t\t<\/div>\n\t\t\t\t\t\t\t<\/div>\n\t\t\t\t\t\t<div class=\"sow-form-field sow-form-field-subject\">\n\t\t\t\t<label class=\"sow-form-field-label-above\" for=\"sow-contact-form-field-titolo-1\">\n\t\t\t\t<strong>\n\t\t\t\t\ttitolo\t\t\t\t\t\t\t\t\t<\/strong>\n\t\t\t<\/label>\n\t\t\t\t\t\t\t<div class=\"sow-field-container\">\n\t\t\t\t\t\t\t<input\n\t\t\ttype=\"text\"\n\t\t\tname=\"titolo-1\"\n\t\t\tid=\"sow-contact-form-field-titolo-1\"\n\t\t\tvalue=\"\"\n\t\t\tclass=\"sow-text-field\"\n\t\t\t\t\t\t\t\t\/>\n\t\t\t\t\t\t<\/div>\n\t\t\t\t\t\t\t<\/div>\n\t\t\t\t\t\t<div class=\"sow-form-field sow-form-field-textarea\">\n\t\t\t\t<label class=\"sow-form-field-label-above\" for=\"sow-contact-form-field-messaggio-1\">\n\t\t\t\t<strong>\n\t\t\t\t\tmessaggio\t\t\t\t\t\t\t\t\t<\/strong>\n\t\t\t<\/label>\n\t\t\t\t\t\t\t<div class=\"sow-field-container\">\n\t\t\t\t\t\t\t<textarea\n\t\t\tname=\"messaggio-1\"\n\t\t\tid=\"sow-contact-form-field-messaggio-1\"\n\t\t\trows=\"10\"\n\t\t\t\t\t\t\t\t><\/textarea>\n\t\t\t\t\t\t<\/div>\n\t\t\t\t\t\t\t<\/div>\n\t\t\t\n\t\t\n\t\t<div class=\"sow-submit-wrapper sow-submit-styled\">\n\n\t\t\t<button\n\t\t\t\ttype=\"submit\"\n\t\t\t\tclass=\"sow-submit\"\n\t\t\t\t\t\t\t>\n\t\t\t\tinvia\t\t\t<\/button>\n\t\t<\/div>\n\t\t\t\t<input\n\t\t\ttype=\"hidden\"\n\t\t\tname=\"instance_hash-1\"\n\t\t\tvalue=\"76aa40c3\"\n\t\t\/>\n\n\t\t<input type=\"hidden\" id=\"_wpnonce\" name=\"_wpnonce\" value=\"774ebc55c5\" \/><input type=\"hidden\" name=\"_wp_http_referer\" value=\"\/index.php?rest_route=%2Fwp%2Fv2%2Fpages%2F144\" \/>\t<\/form>\n\t<\/div><\/div><\/div><div id=\"pgc-144-6-1\"  class=\"panel-grid-cell\" ><div id=\"panel-144-6-1-0\" class=\"so-panel widget widget_sow-headline panel-first-child\" data-index=\"11\" ><div\n\t\t\t\n\t\t\tclass=\"so-widget-sow-headline so-widget-sow-headline-default-b71fce87a7d6-144\"\n\t\t\t\n\t\t><div class=\"sow-headline-container \">\n\t\t\t\t\t\t\t<h2 class=\"sow-headline\">\n\t\t\t\t\t\tInformazioni di contatto\t\t\t\t\t\t<\/h2>\n\t\t\t\t\t\t<\/div>\n<\/div><\/div><div id=\"panel-144-6-1-1\" class=\"so-panel widget widget_sow-editor\" data-index=\"12\" ><div\n\t\t\t\n\t\t\tclass=\"so-widget-sow-editor so-widget-sow-editor-base\"\n\t\t\t\n\t\t>\n<div class=\"siteorigin-widget-tinymce textwidget\">\n\t<p><em><span style=\"color: #818181;\">www.alpini-sancatebg.it<\/span><\/em><br \/>\n<em><span><span style=\"color: #818181;\"><span style=\"caret-color: #818181;\">Via Santa Caterina<\/span> 5<\/span><\/span><\/em><br \/>\n<em><span style=\"color: #818181;\">87767 Bergamo<\/span><\/em><br \/>\n<em><span style=\"color: #818181;\">Italia<\/span><\/em><\/p>\n<p><em><span style=\"color: #818181;\">+31 33 88736637<\/span><\/em><br \/>\n<em><span style=\"color: #818181;\">info@alpini-sancatebg.it<\/span><\/em><\/p>\n<\/div>\n<\/div><\/div><div id=\"panel-144-6-1-2\" class=\"so-panel widget widget_sow-social-media-buttons panel-last-child\" data-index=\"13\" ><div\n\t\t\t\n\t\t\tclass=\"so-widget-sow-social-media-buttons so-widget-sow-social-media-buttons-flat-65b5a9d95efd-144\"\n\t\t\t\n\t\t>\n\n<div class=\"social-media-button-container\">\n\t\n\t\t<a class=\"ow-button-hover sow-social-media-button-facebook-0 sow-social-media-button\" title=\"Alpini on Facebook\" aria-label=\"Alpini on Facebook\" target=\"_blank\" rel=\"noopener noreferrer\" href=\"https:\/\/www.facebook.com\/\" >\n\t\t\t<span>\n\t\t\t\t\t\t\t\t<span class=\"sow-icon-fontawesome sow-fab\" data-sow-icon=\"&#xf39e;\"\n\t\t \n\t\taria-hidden=\"true\"><\/span>\t\t\t\t\t\t\t<\/span>\n\t\t<\/a>\n\t\n\t\t<a class=\"ow-button-hover sow-social-media-button-x-twitter-0 sow-social-media-button\" title=\"Alpini on X Twitter\" aria-label=\"Alpini on X Twitter\" target=\"_blank\" rel=\"noopener noreferrer\" href=\"https:\/\/twitter.com\/\" >\n\t\t\t<span>\n\t\t\t\t\t\t\t\t<span class=\"sow-icon-fontawesome sow-fab\" data-sow-icon=\"&#xe61b;\"\n\t\t \n\t\taria-hidden=\"true\"><\/span>\t\t\t\t\t\t\t<\/span>\n\t\t<\/a>\n\t\n\t\t<a class=\"ow-button-hover sow-social-media-button-instagram-0 sow-social-media-button\" title=\"Alpini on Instagram\" aria-label=\"Alpini on Instagram\" target=\"_blank\" rel=\"noopener noreferrer\" href=\"https:\/\/instagram.com\/\" >\n\t\t\t<span>\n\t\t\t\t\t\t\t\t<span class=\"sow-icon-fontawesome sow-fab\" data-sow-icon=\"&#xf16d;\"\n\t\t \n\t\taria-hidden=\"true\"><\/span>\t\t\t\t\t\t\t<\/span>\n\t\t<\/a>\n\t\n\t\t<a class=\"ow-button-hover sow-social-media-button-envelope-0 sow-social-media-button\" title=\"Alpini on Envelope\" aria-label=\"Alpini on Envelope\" target=\"_blank\" rel=\"noopener noreferrer\" href=\"mailto:\" >\n\t\t\t<span>\n\t\t\t\t\t\t\t\t<span class=\"sow-icon-fontawesome sow-fas\" data-sow-icon=\"&#xf0e0;\"\n\t\t \n\t\taria-hidden=\"true\"><\/span>\t\t\t\t\t\t\t<\/span>\n\t\t<\/a>\n\t<\/div>\n<\/div><\/div><\/div><\/div><\/div><\/div>","protected":false},"excerpt":{"rendered":"<p>Gruppo Alpini di Borgo Santa Caterina \u2013 Bergamo Nel cuore del quartiere di Borgo Santa Caterina, a Bergamo, vive e resiste con orgoglio il nostro Gruppo Alpini. Non siamo solo un\u2019associazione: siamo una famiglia, un presidio di valori, un punto fermo per chi crede nel senso del dovere, nella solidariet\u00e0 e nella memoria. La nostra [&hellip;]<\/p>\n","protected":false},"author":1,"featured_media":0,"parent":0,"menu_order":3,"comment_status":"closed","ping_status":"closed","template":"","meta":{"footnotes":""},"class_list":["post-144","page","type-page","status-publish","hentry","post"],"_links":{"self":[{"href":"https:\/\/www.lucamangili.ch\/index.php?rest_route=\/wp\/v2\/pages\/144","targetHints":{"allow":["GET"]}}],"collection":[{"href":"https:\/\/www.lucamangili.ch\/index.php?rest_route=\/wp\/v2\/pages"}],"about":[{"href":"https:\/\/www.lucamangili.ch\/index.php?rest_route=\/wp\/v2\/types\/page"}],"author":[{"embeddable":true,"href":"https:\/\/www.lucamangili.ch\/index.php?rest_route=\/wp\/v2\/users\/1"}],"replies":[{"embeddable":true,"href":"https:\/\/www.lucamangili.ch\/index.php?rest_route=%2Fwp%2Fv2%2Fcomments&post=144"}],"version-history":[{"count":39,"href":"https:\/\/www.lucamangili.ch\/index.php?rest_route=\/wp\/v2\/pages\/144\/revisions"}],"predecessor-version":[{"id":321,"href":"https:\/\/www.lucamangili.ch\/index.php?rest_route=\/wp\/v2\/pages\/144\/revisions\/321"}],"wp:attachment":[{"href":"https:\/\/www.lucamangili.ch\/index.php?rest_route=%2Fwp%2Fv2%2Fmedia&parent=144"}],"curies":[{"name":"wp","href":"https:\/\/api.w.org\/{rel}","templated":true}]}}