{"id":117,"date":"2025-04-21T18:47:25","date_gmt":"2025-04-21T18:47:25","guid":{"rendered":"http:\/\/www.lucamangili.ch\/?page_id=117"},"modified":"2025-04-29T22:02:37","modified_gmt":"2025-04-29T22:02:37","slug":"homepage","status":"publish","type":"page","link":"https:\/\/www.lucamangili.ch\/","title":{"rendered":"Homepage"},"content":{"rendered":"<div id=\"pl-117\"  class=\"panel-layout\" ><div id=\"pg-117-0\"  class=\"panel-grid panel-has-style\" ><div class=\"siteorigin-panels-stretch panel-row-style panel-row-style-for-117-0\" data-stretch-type=\"full-width-stretch\" ><div id=\"pgc-117-0-0\"  class=\"panel-grid-cell\" ><div id=\"panel-117-0-0-0\" class=\"so-panel widget widget_sow-hero panel-first-child panel-last-child\" data-index=\"0\" ><div\n\t\t\t\n\t\t\tclass=\"so-widget-sow-hero so-widget-sow-hero-default-2c8ecc63b6aa-117 so-widget-fittext-wrapper\"\n\t\t\t data-fit-text-compressor=\"0.85\"\n\t\t>\t\t\t\t<div class=\"sow-slider-base\" style=\"display: none\" tabindex=\"0\">\n\t\t\t\t\t<ul\n\t\t\t\t\tclass=\"sow-slider-images\"\n\t\t\t\t\tdata-settings=\"{&quot;pagination&quot;:true,&quot;speed&quot;:800,&quot;timeout&quot;:8000,&quot;paused&quot;:false,&quot;pause_on_hover&quot;:false,&quot;swipe&quot;:true,&quot;nav_always_show_desktop&quot;:&quot;&quot;,&quot;nav_always_show_mobile&quot;:&quot;&quot;,&quot;breakpoint&quot;:&quot;780px&quot;,&quot;unmute&quot;:false,&quot;anchor&quot;:null}\"\n\t\t\t\t\tstyle=\"min-height: 860px\"\t\t\t\t\tdata-anchor-id=\"\"\n\t\t\t\t>\t\t<li class=\"sow-slider-image  sow-slider-image-cover\" style=\"visibility: visible;;background-color: #333333\" >\n\t\t\t\t\t<div class=\"sow-slider-image-container\">\n\t\t\t<div class=\"sow-slider-image-wrapper\">\n\t\t\t\t<h1 style=\"text-align: left\">Alpini<\/h1>\n<h1 style=\"text-align: left\">Borgo Santa Caterina<\/h1>\n<h1 style=\"text-align: left\"><span style=\"color: #f46455\">Bergamo<\/span><\/h1>\n<div class=\"sow-hero-buttons\" ><\/div>\n\t\t\t<\/div>\n\t\t<\/div>\n\t\t<div class=\"sow-slider-image-overlay sow-slider-image-cover\" style=\"opacity: 0.5;background-image: url(https:\/\/www.lucamangili.ch\/wp-content\/uploads\/2025\/04\/cappello-alpini-1.jpg)\"  ><\/div>\t\t<\/li>\n\t\t<\/ul>\t\t\t\t<ol class=\"sow-slider-pagination\">\n\t\t\t\t\t\t\t\t\t\t\t<li><a href=\"#\" data-goto=\"0\" aria-label=\"Display slide 1\"><\/a><\/li>\n\t\t\t\t\t\t\t\t\t<\/ol>\n\n\t\t\t\t<div class=\"sow-slide-nav sow-slide-nav-next\">\n\t\t\t\t\t<a href=\"#\" data-goto=\"next\" aria-label=\"Next slide\" data-action=\"next\">\n\t\t\t\t\t\t<em class=\"sow-sld-icon-thin-right\"><\/em>\n\t\t\t\t\t<\/a>\n\t\t\t\t<\/div>\n\n\t\t\t\t<div class=\"sow-slide-nav sow-slide-nav-prev\">\n\t\t\t\t\t<a href=\"#\" data-goto=\"previous\" aria-label=\"Previous slide\" data-action=\"prev\">\n\t\t\t\t\t\t<em class=\"sow-sld-icon-thin-left\"><\/em>\n\t\t\t\t\t<\/a>\n\t\t\t\t<\/div>\n\t\t\t\t<\/div><\/div><\/div><\/div><\/div><\/div><div id=\"pg-117-1\"  class=\"panel-grid panel-no-style\" ><div id=\"pgc-117-1-0\"  class=\"panel-grid-cell\" ><div id=\"panel-117-1-0-0\" class=\"so-panel widget widget_sow-editor panel-first-child panel-last-child\" data-index=\"1\" ><div\n\t\t\t\n\t\t\tclass=\"so-widget-sow-editor so-widget-sow-editor-base\"\n\t\t\t\n\t\t><h3 class=\"widget-title\">Benvenuti nella nostra Homepage<\/h3>\n<div class=\"siteorigin-widget-tinymce textwidget\">\n\t<p><span style=\"color: #ff0000;\"><strong>* Pagina in costruzione. Il contenuto ha unicamente scopo di rappresentazione grafica e non \u00e8 da considerarsi veritiero ai fini informativi.<\/strong><\/span><\/p>\n<p>&nbsp;<\/p>\n<p><strong>*Benvenuti nel sito del Gruppo Alpini Borgo Santa Caterina di Bergamo!<\/strong><\/p>\n<p>Con grande piacere vi accogliamo nella nostra \u201ccasa virtuale\u201d, uno spazio creato per raccontare la storia, le attivit\u00e0 e lo spirito del nostro Gruppo Alpini, cuore pulsante del quartiere di Borgo Santa Caterina.<\/p>\n<p>Da sempre, gli Alpini rappresentano valori solidi come l\u2019amicizia, il senso del dovere, la solidariet\u00e0 e l\u2019amore per la montagna e per la nostra terra. Il nostro Gruppo, fondato su questi principi, \u00e8 attivo da decenni con iniziative sociali, commemorazioni, momenti di aggregazione e interventi a favore della comunit\u00e0.<\/p>\n<p>Che si tratti di sfilare in divisa con orgoglio, di servire un piatto caldo durante una festa o di dare una mano nei momenti di difficolt\u00e0, lo facciamo sempre con il sorriso e lo spirito allegro che ci contraddistingue.<\/p>\n<p>Vi invitiamo a esplorare il sito per scoprire la nostra storia, i prossimi eventi e come partecipare alla vita del Gruppo. Siamo sempre felici di accogliere nuovi amici, collaboratori e simpatizzanti.<\/p>\n<p>Un caloroso saluto a tutti,<br \/>\ngli Alpini del Borgo Santa Caterina \u2013 sempre pronti, sempre uniti!<\/p>\n<\/div>\n<\/div><\/div><\/div><\/div><div id=\"pg-117-2\"  class=\"panel-grid panel-no-style\" ><div id=\"pgc-117-2-0\"  class=\"panel-grid-cell\" ><div id=\"panel-117-2-0-0\" class=\"so-panel widget widget_sow-hero panel-first-child\" data-index=\"2\" ><div\n\t\t\t\n\t\t\tclass=\"so-widget-sow-hero so-widget-sow-hero-default-6e698a3cf702-117 so-widget-fittext-wrapper\"\n\t\t\t data-fit-text-compressor=\"0.85\"\n\t\t>\t\t\t\t<div class=\"sow-slider-base\" style=\"display: none\" tabindex=\"0\">\n\t\t\t\t\t<ul\n\t\t\t\t\tclass=\"sow-slider-images\"\n\t\t\t\t\tdata-settings=\"{&quot;pagination&quot;:true,&quot;speed&quot;:800,&quot;timeout&quot;:8000,&quot;paused&quot;:true,&quot;pause_on_hover&quot;:false,&quot;swipe&quot;:true,&quot;nav_always_show_desktop&quot;:&quot;&quot;,&quot;nav_always_show_mobile&quot;:&quot;&quot;,&quot;breakpoint&quot;:&quot;780px&quot;,&quot;unmute&quot;:false,&quot;anchor&quot;:null}\"\n\t\t\t\t\t\t\t\t\t\tdata-anchor-id=\"\"\n\t\t\t\t>\t\t<li class=\"sow-slider-image  sow-slider-image-cover\" style=\"visibility: visible;;background-color: #333333\" >\n\t\t\t\t\t<div class=\"sow-slider-image-container\">\n\t\t\t<div class=\"sow-slider-image-wrapper\">\n\t\t\t\t<h1 style=\"text-align: left\"><\/h1>\n<h1 style=\"text-align: left\">Borgo Santa Caterina<\/h1>\n\t\t\t<\/div>\n\t\t<\/div>\n\t\t<div class=\"sow-slider-image-overlay sow-slider-image-cover\" style=\"opacity: 0.5;background-image: url(https:\/\/www.lucamangili.ch\/wp-content\/uploads\/2025\/04\/images-2.jpeg)\"  ><\/div>\t\t<\/li>\n\t\t<\/ul>\t\t\t\t<ol class=\"sow-slider-pagination\">\n\t\t\t\t\t\t\t\t\t\t\t<li><a href=\"#\" data-goto=\"0\" aria-label=\"Display slide 1\"><\/a><\/li>\n\t\t\t\t\t\t\t\t\t<\/ol>\n\n\t\t\t\t<div class=\"sow-slide-nav sow-slide-nav-next\">\n\t\t\t\t\t<a href=\"#\" data-goto=\"next\" aria-label=\"Next slide\" data-action=\"next\">\n\t\t\t\t\t\t<em class=\"sow-sld-icon-thin-right\"><\/em>\n\t\t\t\t\t<\/a>\n\t\t\t\t<\/div>\n\n\t\t\t\t<div class=\"sow-slide-nav sow-slide-nav-prev\">\n\t\t\t\t\t<a href=\"#\" data-goto=\"previous\" aria-label=\"Previous slide\" data-action=\"prev\">\n\t\t\t\t\t\t<em class=\"sow-sld-icon-thin-left\"><\/em>\n\t\t\t\t\t<\/a>\n\t\t\t\t<\/div>\n\t\t\t\t<\/div><\/div><\/div><div id=\"panel-117-2-0-1\" class=\"so-panel widget widget_sow-editor panel-last-child\" data-index=\"3\" ><div\n\t\t\t\n\t\t\tclass=\"so-widget-sow-editor so-widget-sow-editor-base\"\n\t\t\t\n\t\t><h3 class=\"widget-title\">Il Gruppo<\/h3>\n<div class=\"siteorigin-widget-tinymce textwidget\">\n\t<ul>\n<li style=\"text-align: left;\">Nel cuore del quartiere di Borgo Santa Caterina, a Bergamo, vive e resiste con orgoglio il nostro Gruppo Alpini. Non siamo solo un\u2019associazione: siamo una famiglia, un presidio di valori, un punto fermo per chi crede nel senso del dovere, nella solidariet\u00e0 e nella memoria. La nostra storia affonda le radici negli anni del secondo dopoguerra, quando alcuni Alpini del quartiere...<\/li>\n<\/ul>\n<p style=\"text-align: left;\"><a href=\"http:\/\/www.lucamangili.ch\/?page_id=144\"><span style=\"color: #f46455;\"><em><strong>Continua a leggere...<\/strong><\/em><\/span><\/a><\/p>\n<\/div>\n<\/div><\/div><\/div><div id=\"pgc-117-2-1\"  class=\"panel-grid-cell\" ><div id=\"panel-117-2-1-0\" class=\"so-panel widget widget_sow-hero panel-first-child\" data-index=\"4\" ><div\n\t\t\t\n\t\t\tclass=\"so-widget-sow-hero so-widget-sow-hero-default-6e698a3cf702-117 so-widget-fittext-wrapper\"\n\t\t\t data-fit-text-compressor=\"0.85\"\n\t\t>\t\t\t\t<div class=\"sow-slider-base\" style=\"display: none\" tabindex=\"0\">\n\t\t\t\t\t<ul\n\t\t\t\t\tclass=\"sow-slider-images\"\n\t\t\t\t\tdata-settings=\"{&quot;pagination&quot;:true,&quot;speed&quot;:800,&quot;timeout&quot;:8000,&quot;paused&quot;:true,&quot;pause_on_hover&quot;:false,&quot;swipe&quot;:true,&quot;nav_always_show_desktop&quot;:&quot;&quot;,&quot;nav_always_show_mobile&quot;:&quot;&quot;,&quot;breakpoint&quot;:&quot;780px&quot;,&quot;unmute&quot;:false,&quot;anchor&quot;:null}\"\n\t\t\t\t\t\t\t\t\t\tdata-anchor-id=\"\"\n\t\t\t\t>\t\t<li class=\"sow-slider-image  sow-slider-image-cover\" style=\"visibility: visible;;background-color: #333333\" >\n\t\t\t\t\t<div class=\"sow-slider-image-container\">\n\t\t\t<div class=\"sow-slider-image-wrapper\">\n\t\t\t\t<h1 style=\"text-align: center\">Volontariato<\/h1>\n<h1 style=\"text-align: center\"><\/h1>\n\t\t\t<\/div>\n\t\t<\/div>\n\t\t<div class=\"sow-slider-image-overlay sow-slider-image-cover\" style=\"opacity: 0.5;background-image: url(https:\/\/www.lucamangili.ch\/wp-content\/uploads\/2025\/04\/images-2.png)\"  ><\/div>\t\t<\/li>\n\t\t<\/ul>\t\t\t\t<ol class=\"sow-slider-pagination\">\n\t\t\t\t\t\t\t\t\t\t\t<li><a href=\"#\" data-goto=\"0\" aria-label=\"Display slide 1\"><\/a><\/li>\n\t\t\t\t\t\t\t\t\t<\/ol>\n\n\t\t\t\t<div class=\"sow-slide-nav sow-slide-nav-next\">\n\t\t\t\t\t<a href=\"#\" data-goto=\"next\" aria-label=\"Next slide\" data-action=\"next\">\n\t\t\t\t\t\t<em class=\"sow-sld-icon-thin-right\"><\/em>\n\t\t\t\t\t<\/a>\n\t\t\t\t<\/div>\n\n\t\t\t\t<div class=\"sow-slide-nav sow-slide-nav-prev\">\n\t\t\t\t\t<a href=\"#\" data-goto=\"previous\" aria-label=\"Previous slide\" data-action=\"prev\">\n\t\t\t\t\t\t<em class=\"sow-sld-icon-thin-left\"><\/em>\n\t\t\t\t\t<\/a>\n\t\t\t\t<\/div>\n\t\t\t\t<\/div><\/div><\/div><div id=\"panel-117-2-1-1\" class=\"so-panel widget widget_sow-editor panel-last-child\" data-index=\"5\" ><div\n\t\t\t\n\t\t\tclass=\"so-widget-sow-editor so-widget-sow-editor-base\"\n\t\t\t\n\t\t><h3 class=\"widget-title\">Tempo per gli altri<\/h3>\n<div class=\"siteorigin-widget-tinymce textwidget\">\n\t<p style=\"text-align: left;\">*Il Gruppo Alpini di Santa Caterina a Bergamo \u00e8 un punto di riferimento per la comunit\u00e0, promuovendo valori di solidariet\u00e0 e impegno civico. Collabora con associazioni locali per sostenere iniziative sociali, culturali e di protezione civile. Con passione e dedizione, gli Alpini partecipano attivamente a eventi, raccolte fondi e interventi a favore del territorio.<\/p>\n<p style=\"text-align: left;\"><a href=\"http:\/\/www.lucamangili.ch\/?page_id=282\"><span style=\"color: #f46455;\"><em><strong>Continua a leggere...<\/strong><\/em><\/span><\/a><\/p>\n<\/div>\n<\/div><\/div><\/div><div id=\"pgc-117-2-2\"  class=\"panel-grid-cell\" ><div id=\"panel-117-2-2-0\" class=\"so-panel widget widget_sow-hero panel-first-child\" data-index=\"6\" ><div\n\t\t\t\n\t\t\tclass=\"so-widget-sow-hero so-widget-sow-hero-default-6e698a3cf702-117 so-widget-fittext-wrapper\"\n\t\t\t data-fit-text-compressor=\"0.85\"\n\t\t>\t\t\t\t<div class=\"sow-slider-base\" style=\"display: none\" tabindex=\"0\">\n\t\t\t\t\t<ul\n\t\t\t\t\tclass=\"sow-slider-images\"\n\t\t\t\t\tdata-settings=\"{&quot;pagination&quot;:true,&quot;speed&quot;:800,&quot;timeout&quot;:8000,&quot;paused&quot;:true,&quot;pause_on_hover&quot;:false,&quot;swipe&quot;:true,&quot;nav_always_show_desktop&quot;:&quot;&quot;,&quot;nav_always_show_mobile&quot;:&quot;&quot;,&quot;breakpoint&quot;:&quot;780px&quot;,&quot;unmute&quot;:false,&quot;anchor&quot;:null}\"\n\t\t\t\t\t\t\t\t\t\tdata-anchor-id=\"\"\n\t\t\t\t>\t\t<li class=\"sow-slider-image  sow-slider-image-cover\" style=\"visibility: visible;;background-color: #333333\" >\n\t\t\t\t\t<div class=\"sow-slider-image-container\">\n\t\t\t<div class=\"sow-slider-image-wrapper\">\n\t\t\t\t<h1 style=\"text-align: right\"><\/h1>\n<h1 style=\"text-align: right\">La nostra storia<\/h1>\n\t\t\t<\/div>\n\t\t<\/div>\n\t\t<div class=\"sow-slider-image-overlay sow-slider-image-cover\" style=\"opacity: 0.5;background-image: url(https:\/\/www.lucamangili.ch\/wp-content\/uploads\/2025\/04\/il-monumento-al-5\u00b0-Alpini-sul-fondo-il-Palazzo-dellAcc-Carrara.jpg)\"  ><\/div>\t\t<\/li>\n\t\t<\/ul>\t\t\t\t<ol class=\"sow-slider-pagination\">\n\t\t\t\t\t\t\t\t\t\t\t<li><a href=\"#\" data-goto=\"0\" aria-label=\"Display slide 1\"><\/a><\/li>\n\t\t\t\t\t\t\t\t\t<\/ol>\n\n\t\t\t\t<div class=\"sow-slide-nav sow-slide-nav-next\">\n\t\t\t\t\t<a href=\"#\" data-goto=\"next\" aria-label=\"Next slide\" data-action=\"next\">\n\t\t\t\t\t\t<em class=\"sow-sld-icon-thin-right\"><\/em>\n\t\t\t\t\t<\/a>\n\t\t\t\t<\/div>\n\n\t\t\t\t<div class=\"sow-slide-nav sow-slide-nav-prev\">\n\t\t\t\t\t<a href=\"#\" data-goto=\"previous\" aria-label=\"Previous slide\" data-action=\"prev\">\n\t\t\t\t\t\t<em class=\"sow-sld-icon-thin-left\"><\/em>\n\t\t\t\t\t<\/a>\n\t\t\t\t<\/div>\n\t\t\t\t<\/div><\/div><\/div><div id=\"panel-117-2-2-1\" class=\"so-panel widget widget_sow-editor panel-last-child\" data-index=\"7\" ><div\n\t\t\t\n\t\t\tclass=\"so-widget-sow-editor so-widget-sow-editor-base\"\n\t\t\t\n\t\t><h3 class=\"widget-title\">C'era una volta<\/h3>\n<div class=\"siteorigin-widget-tinymce textwidget\">\n\t<p style=\"text-align: left;\">*Il Gruppo Alpini di Borgo Santa Caterina, a Bergamo, \u00e8 stato fondato il 19 marzo 1967. Da allora, rappresenta un punto di riferimento per la comunit\u00e0 locale, collaborando attivamente con associazioni e realt\u00e0 del quartiere. Nel 2017 ha celebrato il 50\u00b0 anniversario con eventi commemorativi e festivi, sottolineando il forte legame tra gli Alpini e il territorio.<\/p>\n<p style=\"text-align: left;\"><a href=\"http:\/\/www.lucamangili.ch\/?page_id=282\/#sezione-storia\"><span style=\"color: #f46455;\"><em><strong>Continua a leggere...<\/strong><\/em><\/span><\/a><\/p>\n<\/div>\n<\/div><\/div><\/div><\/div><div id=\"pg-117-3\"  class=\"panel-grid panel-has-style\" ><div class=\"panel-row-style panel-row-style-for-117-3\" ><div id=\"pgc-117-3-0\"  class=\"panel-grid-cell\" ><div id=\"panel-117-3-0-0\" class=\"so-panel widget widget_pages panel-first-child panel-last-child\" data-index=\"8\" ><h3 class=\"widget-title\">Pagine<\/h3>\n\t\t\t<ul>\n\t\t\t\t<li class=\"page_item page-item-267\"><a href=\"https:\/\/www.lucamangili.ch\/?page_id=267\">Cantiamo<\/a><\/li>\n<li class=\"page_item page-item-144\"><a href=\"https:\/\/www.lucamangili.ch\/?page_id=144\">Contatti<\/a><\/li>\n<li class=\"page_item page-item-213\"><a href=\"https:\/\/www.lucamangili.ch\/?page_id=213\">Eventi<\/a><\/li>\n<li class=\"page_item page-item-180\"><a href=\"https:\/\/www.lucamangili.ch\/?page_id=180\">Galleria<\/a><\/li>\n<li class=\"page_item page-item-117\"><a href=\"https:\/\/www.lucamangili.ch\/\">Homepage<\/a><\/li>\n<li class=\"page_item page-item-282\"><a href=\"https:\/\/www.lucamangili.ch\/?page_id=282\">Volontariato<\/a><\/li>\n\t\t\t<\/ul>\n\n\t\t\t<\/div><\/div><div id=\"pgc-117-3-1\"  class=\"panel-grid-cell panel-grid-cell-empty panel-grid-cell-mobile-last\" ><\/div><div id=\"pgc-117-3-2\"  class=\"panel-grid-cell panel-grid-cell-empty\" ><\/div><\/div><\/div><\/div>","protected":false},"excerpt":{"rendered":"<p>* Pagina in costruzione. Il contenuto ha unicamente scopo di rappresentazione grafica e non \u00e8 da considerarsi veritiero ai fini informativi. &nbsp; *Benvenuti nel sito del Gruppo Alpini Borgo Santa Caterina di Bergamo! Con grande piacere vi accogliamo nella nostra \u201ccasa virtuale\u201d, uno spazio creato per raccontare la storia, le attivit\u00e0 e lo spirito del [&hellip;]<\/p>\n","protected":false},"author":1,"featured_media":0,"parent":0,"menu_order":0,"comment_status":"closed","ping_status":"closed","template":"","meta":{"footnotes":""},"class_list":["post-117","page","type-page","status-publish","hentry","post"],"_links":{"self":[{"href":"https:\/\/www.lucamangili.ch\/index.php?rest_route=\/wp\/v2\/pages\/117","targetHints":{"allow":["GET"]}}],"collection":[{"href":"https:\/\/www.lucamangili.ch\/index.php?rest_route=\/wp\/v2\/pages"}],"about":[{"href":"https:\/\/www.lucamangili.ch\/index.php?rest_route=\/wp\/v2\/types\/page"}],"author":[{"embeddable":true,"href":"https:\/\/www.lucamangili.ch\/index.php?rest_route=\/wp\/v2\/users\/1"}],"replies":[{"embeddable":true,"href":"https:\/\/www.lucamangili.ch\/index.php?rest_route=%2Fwp%2Fv2%2Fcomments&post=117"}],"version-history":[{"count":27,"href":"https:\/\/www.lucamangili.ch\/index.php?rest_route=\/wp\/v2\/pages\/117\/revisions"}],"predecessor-version":[{"id":323,"href":"https:\/\/www.lucamangili.ch\/index.php?rest_route=\/wp\/v2\/pages\/117\/revisions\/323"}],"wp:attachment":[{"href":"https:\/\/www.lucamangili.ch\/index.php?rest_route=%2Fwp%2Fv2%2Fmedia&parent=117"}],"curies":[{"name":"wp","href":"https:\/\/api.w.org\/{rel}","templated":true}]}}